{"id":122,"date":"2025-02-04T14:40:23","date_gmt":"2025-02-04T14:40:23","guid":{"rendered":"https:\/\/strom-global.com\/?post_type=product&#038;p=122"},"modified":"2025-02-19T18:43:25","modified_gmt":"2025-02-19T18:43:25","slug":"triade-quick-connect-tip-extension","status":"publish","type":"product","link":"https:\/\/strom-global.com\/index.php\/product\/triade-quick-connect-tip-extension\/","title":{"rendered":"Triade Quick Connect Tip Extension"},"content":{"rendered":"<p>Triade Connections quick connect extension cords are available in various lengths to suit your needs.<\/p>\n<p><em><strong class=\"rouge\">* Use of Triade Connections Quick Connect Extensions requires the Paint Gun Adapter.<\/strong><\/em><\/p>\n<p><iframe loading=\"lazy\" title=\"TriadeConnections Vid\u00e9o Pr\u00e9sentation fran\u00e7ais 2019\" width=\"760\" height=\"428\" src=\"https:\/\/www.youtube.com\/embed\/7iFEZ2nf_EM?feature=oembed\" frameborder=\"0\" allow=\"accelerometer; autoplay; clipboard-write; encrypted-media; gyroscope; picture-in-picture; web-share\" referrerpolicy=\"strict-origin-when-cross-origin\" allowfullscreen><\/iframe><\/p>\n","protected":false},"excerpt":{"rendered":"<p>Triade Connections quick connect extension cords are available in various lengths to suit your needs. * Use of Triade Connections Quick Connect Extensions requires the Paint Gun Adapter.<\/p>\n","protected":false},"featured_media":44,"comment_status":"open","ping_status":"closed","template":"","meta":[],"product_cat":[21],"product_tag":[],"class_list":{"0":"post-122","1":"product","2":"type-product","3":"status-publish","4":"has-post-thumbnail","6":"product_cat-accessories-parts","7":"product_shipping_class-standard","9":"first","10":"instock","11":"taxable","12":"shipping-taxable","13":"purchasable","14":"product-type-variable"},"_links":{"self":[{"href":"https:\/\/strom-global.com\/index.php\/wp-json\/wp\/v2\/product\/122","targetHints":{"allow":["GET"]}}],"collection":[{"href":"https:\/\/strom-global.com\/index.php\/wp-json\/wp\/v2\/product"}],"about":[{"href":"https:\/\/strom-global.com\/index.php\/wp-json\/wp\/v2\/types\/product"}],"replies":[{"embeddable":true,"href":"https:\/\/strom-global.com\/index.php\/wp-json\/wp\/v2\/comments?post=122"}],"wp:featuredmedia":[{"embeddable":true,"href":"https:\/\/strom-global.com\/index.php\/wp-json\/wp\/v2\/media\/44"}],"wp:attachment":[{"href":"https:\/\/strom-global.com\/index.php\/wp-json\/wp\/v2\/media?parent=122"}],"wp:term":[{"taxonomy":"product_cat","embeddable":true,"href":"https:\/\/strom-global.com\/index.php\/wp-json\/wp\/v2\/product_cat?post=122"},{"taxonomy":"product_tag","embeddable":true,"href":"https:\/\/strom-global.com\/index.php\/wp-json\/wp\/v2\/product_tag?post=122"}],"curies":[{"name":"wp","href":"https:\/\/api.w.org\/{rel}","templated":true}]}}